{"id":59,"date":"2023-11-18T23:59:16","date_gmt":"2023-11-18T23:59:16","guid":{"rendered":"http:\/\/javiermaar.com\/?page_id=59"},"modified":"2023-12-30T11:59:32","modified_gmt":"2023-12-30T11:59:32","slug":"sobre-mi","status":"publish","type":"page","link":"https:\/\/javiermaar.com\/index.php\/sobre-mi\/","title":{"rendered":"Javier Mart\u00ednez-Armend\u00e1riz Riesco"},"content":{"rendered":"<p>[vc_row][vc_column width=&#8221;1\/3&#8243;][vc_text_separator title=&#8221;&#8221; color=&#8221;white&#8221;][vc_single_image image=&#8221;35&#8243; img_size=&#8221;500&#215;700&#8243; alignment=&#8221;center&#8221; style=&#8221;vc_box_rounded&#8221;][\/vc_column][vc_column width=&#8221;2\/3&#8243;][vc_text_separator title=&#8221;&#8221; color=&#8221;white&#8221;][vc_text_separator title=&#8221;&#8221; color=&#8221;white&#8221;][vc_column_text]<\/p>\n<p style=\"text-align: center;\"><span style=\"font-family: arial, helvetica, sans-serif; font-size: 14pt;\"><em>El arte realista refleja el mundo exterior del artista, lo que los cinco sentidos perciben.<\/em><\/span><\/p>\n<p>[\/vc_column_text][vc_column_text]<\/p>\n<p style=\"text-align: center;\"><span style=\"font-size: 14pt;\"><em><span style=\"font-family: arial, helvetica, sans-serif;\">La pintura abstracta es un reflejo del mundo interior del pintor. Ah\u00ed entra de lleno la imaginaci\u00f3n.<\/span><\/em><\/span><\/p>\n<p>[\/vc_column_text][vc_column_text]<\/p>\n<p style=\"text-align: center;\"><span style=\"font-size: 14pt;\"><em><span style=\"font-family: arial, helvetica, sans-serif;\">En todo arte est\u00e1 presente el concepto de composici\u00f3n.<\/span><\/em><\/span><\/p>\n<p>[\/vc_column_text][vc_column_text]<\/p>\n<p style=\"text-align: center;\"><span style=\"font-size: 14pt;\"><em><span style=\"font-family: arial, helvetica, sans-serif;\">La composici\u00f3n en la pintura realista siempre es indiscutible.<\/span><\/em><\/span><\/p>\n<p>[\/vc_column_text][vc_column_text]<\/p>\n<p style=\"text-align: center;\"><span style=\"font-family: arial, helvetica, sans-serif; font-size: 14pt;\"><em>La composici\u00f3n abstracta es m\u00e1s flexible, y es aquella que es capaz de producir en el espectador una profunda emoci\u00f3n.<\/em><\/span><\/p>\n<p>[\/vc_column_text][vc_column_text]<\/p>\n<p style=\"text-align: center;\"><span style=\"font-size: 14pt;\"><em><span style=\"font-family: arial, helvetica, sans-serif;\">La misi\u00f3n del realismo es presentar y describir un &#8220;pedazo&#8221; del mundo real.<\/span><\/em><\/span><\/p>\n<p>[\/vc_column_text][vc_column_text]<\/p>\n<p style=\"text-align: center;\"><span style=\"font-family: arial, helvetica, sans-serif; font-size: 14pt;\"><em>La principal finalidad del arte abstracto es que uno lo admire intensamente.<\/em><\/span><\/p>\n<p>[\/vc_column_text][\/vc_column][\/vc_row]<\/p>\n","protected":false},"excerpt":{"rendered":"<p>[vc_row][vc_column width=&#8221;1\/3&#8243;][vc_text_separator title=&#8221;&#8221; color=&#8221;white&#8221;][vc_single_image image=&#8221;35&#8243; img_size=&#8221;500&#215;700&#8243; alignment=&#8221;center&#8221; style=&#8221;vc_box_rounded&#8221;][\/vc_column][vc_column width=&#8221;2\/3&#8243;][vc_text_separator title=&#8221;&#8221; color=&#8221;white&#8221;][vc_text_separator title=&#8221;&#8221; color=&#8221;white&#8221;][vc_column_text] El arte realista refleja el mundo exterior del artista, lo que los cinco sentidos perciben. [\/vc_column_text][vc_column_text] La pintura abstracta es un reflejo del mundo interior del pintor. Ah\u00ed entra de lleno la imaginaci\u00f3n. [\/vc_column_text][vc_column_text] En todo arte est\u00e1 presente el concepto de [&hellip;]<\/p>\n","protected":false},"author":1,"featured_media":0,"parent":0,"menu_order":0,"comment_status":"closed","ping_status":"closed","template":"page-fullwidth.php","meta":{"footnotes":""},"class_list":["post-59","page","type-page","status-publish","hentry"],"jetpack_sharing_enabled":true,"_links":{"self":[{"href":"https:\/\/javiermaar.com\/index.php\/wp-json\/wp\/v2\/pages\/59","targetHints":{"allow":["GET"]}}],"collection":[{"href":"https:\/\/javiermaar.com\/index.php\/wp-json\/wp\/v2\/pages"}],"about":[{"href":"https:\/\/javiermaar.com\/index.php\/wp-json\/wp\/v2\/types\/page"}],"author":[{"embeddable":true,"href":"https:\/\/javiermaar.com\/index.php\/wp-json\/wp\/v2\/users\/1"}],"replies":[{"embeddable":true,"href":"https:\/\/javiermaar.com\/index.php\/wp-json\/wp\/v2\/comments?post=59"}],"version-history":[{"count":39,"href":"https:\/\/javiermaar.com\/index.php\/wp-json\/wp\/v2\/pages\/59\/revisions"}],"predecessor-version":[{"id":308,"href":"https:\/\/javiermaar.com\/index.php\/wp-json\/wp\/v2\/pages\/59\/revisions\/308"}],"wp:attachment":[{"href":"https:\/\/javiermaar.com\/index.php\/wp-json\/wp\/v2\/media?parent=59"}],"curies":[{"name":"wp","href":"https:\/\/api.w.org\/{rel}","templated":true}]}}